{"id":2,"date":"2024-08-19T14:06:50","date_gmt":"2024-08-19T17:06:50","guid":{"rendered":"http:\/\/eduardoluft.com.br\/?page_id=2"},"modified":"2024-09-06T14:34:27","modified_gmt":"2024-09-06T17:34:27","slug":"pagina-exemplo","status":"publish","type":"page","link":"https:\/\/eduardoluft.com.br\/index.php\/pagina-exemplo\/","title":{"rendered":"P\u00e1gina inicial"},"content":{"rendered":"\n<p><strong>Eduardo Luft<\/strong><br><strong>Candidato a Vereador | Defensor do Setor Rural | Experi\u00eancia em Gest\u00e3o P\u00fablica<\/strong><\/p>\n\n\n\n<p>Sou o Eduardo Luft, mais conhecido como Dudu, sou candidato a vereador em Ven\u00e2ncio Aires, a <strong>&#8220;terra do chimarr\u00e3o&#8221;<\/strong>, onde cresci e me dediquei ao desenvolvimento local. <\/p>\n\n\n\n<p>Com ampla experi\u00eancia como <strong>chefe de gabinete e assessor na secretaria de planejamento<\/strong>, minha trajet\u00f3ria \u00e9 marcada pela dedica\u00e7\u00e3o ao setor rural e ao progresso das comunidades do interior. <\/p>\n\n\n\n<p>Minha atua\u00e7\u00e3o \u00e9 focada em melhorias na <strong>infraestrutura, incentivo \u00e0 agricultura familiar<\/strong> e gera\u00e7\u00e3o de oportunidades para os jovens.<\/p>\n\n\n\n<blockquote class=\"wp-block-quote is-layout-flow wp-block-quote-is-layout-flow\">\n<p class=\"has-text-align-center\"><strong>VOTE 12287 E CONFIRME!<\/strong><\/p>\n<\/blockquote>\n\n\n\n<p><\/p>\n","protected":false},"excerpt":{"rendered":"<p>Eduardo LuftCandidato a Vereador | Defensor do Setor Rural | Experi\u00eancia em Gest\u00e3o P\u00fablica Sou o Eduardo Luft, mais conhecido como Dudu, sou candidato a vereador em Ven\u00e2ncio Aires, a &#8220;terra do chimarr\u00e3o&#8221;, onde cresci e me dediquei ao desenvolvimento local. Com ampla experi\u00eancia como chefe de gabinete e assessor na secretaria de planejamento, minha&hellip;&nbsp;<a href=\"https:\/\/eduardoluft.com.br\/index.php\/pagina-exemplo\/\" class=\"\" rel=\"bookmark\">Continue a ler &raquo;<span class=\"screen-reader-text\">P\u00e1gina inicial<\/span><\/a><\/p>\n","protected":false},"author":1,"featured_media":0,"parent":0,"menu_order":0,"comment_status":"closed","ping_status":"open","template":"","meta":{"neve_meta_sidebar":"","neve_meta_container":"","neve_meta_enable_content_width":"","neve_meta_content_width":0,"neve_meta_title_alignment":"","neve_meta_author_avatar":"","neve_post_elements_order":"","neve_meta_disable_header":"","neve_meta_disable_footer":"","neve_meta_disable_title":"","footnotes":""},"class_list":["post-2","page","type-page","status-publish","hentry"],"_links":{"self":[{"href":"https:\/\/eduardoluft.com.br\/index.php\/wp-json\/wp\/v2\/pages\/2","targetHints":{"allow":["GET"]}}],"collection":[{"href":"https:\/\/eduardoluft.com.br\/index.php\/wp-json\/wp\/v2\/pages"}],"about":[{"href":"https:\/\/eduardoluft.com.br\/index.php\/wp-json\/wp\/v2\/types\/page"}],"author":[{"embeddable":true,"href":"https:\/\/eduardoluft.com.br\/index.php\/wp-json\/wp\/v2\/users\/1"}],"replies":[{"embeddable":true,"href":"https:\/\/eduardoluft.com.br\/index.php\/wp-json\/wp\/v2\/comments?post=2"}],"version-history":[{"count":5,"href":"https:\/\/eduardoluft.com.br\/index.php\/wp-json\/wp\/v2\/pages\/2\/revisions"}],"predecessor-version":[{"id":437,"href":"https:\/\/eduardoluft.com.br\/index.php\/wp-json\/wp\/v2\/pages\/2\/revisions\/437"}],"wp:attachment":[{"href":"https:\/\/eduardoluft.com.br\/index.php\/wp-json\/wp\/v2\/media?parent=2"}],"curies":[{"name":"wp","href":"https:\/\/api.w.org\/{rel}","templated":true}]}}